{"id":143,"date":"2021-11-08T08:29:45","date_gmt":"2021-11-08T07:29:45","guid":{"rendered":"http:\/\/minemaster.pro-format.com\/?page_id=143"},"modified":"2024-04-01T21:24:41","modified_gmt":"2024-04-01T19:24:41","slug":"serwis","status":"publish","type":"page","link":"https:\/\/www.minemaster.eu\/pl\/serwis\/","title":{"rendered":"Serwis"},"content":{"rendered":"<div id=\"div_block-14-55\" class=\"ct-div-block\" ><div id=\"div_block-9-55\" class=\"ct-div-block bg_on_color\" ><\/div><div id=\"section-1-55\" class=\" ct-section banner\" ><div class=\"ct-section-inner-wrap\"><div id=\"div_block-2-55\" class=\"ct-div-block\" ><h1 id=\"headline-5-55\" class=\"ct-headline banner-title\"><span id=\"span-6-55\" class=\"ct-span\" >Serwis<\/span><\/h1><div id=\"shortcode-10-55\" class=\"ct-shortcode\" ><span><span><a href=\"https:\/\/www.minemaster.eu\/pl\/\">Strona g\u0142\u00f3wna<\/a><\/span><\/span><\/div><\/div><\/div><\/div><\/div><section id=\"section-2-143\" class=\" ct-section\" ><div class=\"ct-section-inner-wrap\"><div id=\"new_columns-3-143\" class=\"ct-new-columns\" ><div id=\"div_block-4-143\" class=\"ct-div-block\" ><div id=\"div_block-6-143\" class=\"ct-div-block\" ><h3 id=\"headline-7-143\" class=\"ct-headline heading\">Serwis krajowy<\/h3><a id=\"link-9-143\" class=\"ct-link\" href=\"tel:0048767464900\"   ><div id=\"fancy_icon-10-143\" class=\"ct-fancy-icon\" ><svg id=\"svg-fancy_icon-10-143\"><use xlink:href=\"#FontAwesomeicon-phone\"><\/use><\/svg><\/div><div id=\"text_block-11-143\" class=\"ct-text-block\" >+48 76 7464900<\/div><\/a><a id=\"link-13-143\" class=\"ct-link\" href=\"mailto:wozga@minemaster.eu\"   ><div id=\"fancy_icon-14-143\" class=\"ct-fancy-icon\" ><svg id=\"svg-fancy_icon-14-143\"><use xlink:href=\"#FontAwesomeicon-envelope\"><\/use><\/svg><\/div><div id=\"text_block-15-143\" class=\"ct-text-block\" >wozga@minemaster.eu<\/div><\/a><\/div><\/div><div id=\"div_block-5-143\" class=\"ct-div-block\" ><div id=\"div_block-17-143\" class=\"ct-div-block\" ><h3 id=\"headline-18-143\" class=\"ct-headline heading\">Serwis mi\u0119dzynarodowy<\/h3><a id=\"link-19-143\" class=\"ct-link\" href=\"tel:0048768778122\"   ><div id=\"fancy_icon-20-143\" class=\"ct-fancy-icon\" ><svg id=\"svg-fancy_icon-20-143\"><use xlink:href=\"#FontAwesomeicon-phone\"><\/use><\/svg><\/div><div id=\"text_block-21-143\" class=\"ct-text-block\" >+48 76 8778122&nbsp;<\/div><\/a><a id=\"link-22-143\" class=\"ct-link\" href=\"mailto:murbanski@minemaster.eu\"   ><div id=\"fancy_icon-23-143\" class=\"ct-fancy-icon\" ><svg id=\"svg-fancy_icon-23-143\"><use xlink:href=\"#FontAwesomeicon-envelope\"><\/use><\/svg><\/div><div id=\"text_block-24-143\" class=\"ct-text-block\" >murbanski@minemaster.eu<\/div><\/a><\/div><\/div><\/div><\/div><\/section><section id=\"section-27-143\" class=\" ct-section text_gallery\" ><div class=\"ct-section-inner-wrap\"><div id=\"new_columns-28-143\" class=\"ct-new-columns\" ><div id=\"div_block-29-143\" class=\"ct-div-block\" ><style>\/* FLEX GALLERY *\/\n\n.oxy-gallery.oxy-gallery-flex {\n\tdisplay: flex;\n\tflex-direction: row;\n\tflex-wrap: wrap;\n\tjustify-content: center;\n}\n\n.oxy-gallery-flex .oxy-gallery-item {\n\toverflow: hidden;\n\tflex: auto;\n\n}\n\n.oxy-gallery-flex .oxy-gallery-item-sizer {\n\tposition: relative;\n}\n\n.oxy-gallery-flex .oxy-gallery-item-contents {\n\tposition: absolute;\n\ttop: 0; bottom: 0; left: 0; right: 0;\n\tbackground-size: cover;\n\tmargin: 0;\n}\n\n.oxy-gallery-flex .oxy-gallery-item-contents img {\n\twidth: 100%;\n\theight: 100%;\n\topacity: 0;\n}\n\n\n\n\/* MASONRY GALLERY *\/\n\n.oxy-gallery.oxy-gallery-masonry {\n\tdisplay: block;\n\toverflow: auto;\n}\n\n.oxy-gallery-masonry .oxy-gallery-item {\n\tbreak-inside: avoid;\n\tdisplay: block;\n\tline-height: 0;\n\tposition: relative;\n}\n\n.oxy-gallery-masonry figure.oxy-gallery-item-contents {\n\tmargin: 0;\n}\n\n.oxy-gallery-masonry .oxy-gallery-item .oxy-gallery-item-contents img {\n\tmax-width: 100%;\n}\n\n.oxy-gallery-masonry .oxy-gallery-item .oxy-gallery-item-contents figcaption {\n\tdisplay: none;\n}\n\n\/* GRID GALLERY *\/\n.oxy-gallery-grid .oxy-gallery-item {\n\toverflow: hidden;\n\tflex: auto;\n\tposition: relative;\n}\n\n.oxy-gallery-grid .oxy-gallery-item-contents {\n\tmargin: 0;\n}\n\n.oxy-gallery-grid .oxy-gallery-item-contents img {\n\twidth: 100%;\n\theight: auto;\n}\n\n.oxy-gallery-grid .oxy-gallery-item .oxy-gallery-item-contents figcaption {\n\tdisplay: none;\n}<\/style><style data-element-id=\"#_gallery-30-143\">            #_gallery-30-143.oxy-gallery-flex .oxy-gallery-item {\n                width: calc(50.000% - 10px - 10px);\n                margin: 10px;\n                min-width: px;\n                overflow: hidden;\n                flex: auto;\n            }\n\n            #_gallery-30-143.oxy-gallery-flex .oxy-gallery-item-sizer {\n                padding-bottom: 81.25%;\n                position: relative;\n            }\n        \n            #_gallery-30-143.oxy-gallery-captions .oxy-gallery-item .oxy-gallery-item-contents figcaption:not(:empty) {\n                position: absolute;\n                bottom: 0;\n                left: 0;\n                right: 0;\n                background-color: rgba(0,0,0,0.75); \/* caption background color *\/\n                padding: 1em;\n                color: #ffffff;  \/* caption text color *\/\n                font-weight: bold;\n                -webkit-font-smoothing: antialiased;\n                font-size: 1em;\n                text-align: center;\n                line-height: var(--oxy-small-line-height);\n                \/*pointer-events: none;*\/\n                transition: 0.3s ease-in-out opacity;\n                display: block;\n            }\n\n                \n            #_gallery-30-143.oxy-gallery-captions .oxy-gallery-item .oxy-gallery-item-contents figcaption:not(:empty) {\n                opacity: 0;\n            }\n            #_gallery-30-143.oxy-gallery-captions .oxy-gallery-item:hover .oxy-gallery-item-contents figcaption {\n                opacity: 1;\n            }\n\n                    \n            \/* hover effects *\/\n            #_gallery-30-143.oxy-gallery .oxy-gallery-item {\n              opacity: ;\n              transition: 0.3s ease-in-out opacity;\n            }\n\n            #_gallery-30-143.oxy-gallery .oxy-gallery-item:hover {\n              opacity: 0.8;\n            }\n\n        <\/style>        <div id=\"_gallery-30-143\" class=\"oxy-gallery oxy-gallery-captions oxy-gallery-flex\" >\n        \n                \n                    <a href='https:\/\/www.minemaster.eu\/wp-content\/uploads\/2021\/11\/NoPath-\u2014-kopia-7.jpg'  class='oxy-gallery-item'>\n                        <div class='oxy-gallery-item-sizer'>\n\n                            <figure class='oxy-gallery-item-contents' style='background-image: url(https:\/\/www.minemaster.eu\/wp-content\/uploads\/2021\/11\/NoPath-\u2014-kopia-7.jpg);'>\n\n                                <img decoding=\"async\"  src=\"https:\/\/www.minemaster.eu\/wp-content\/uploads\/2021\/11\/NoPath-\u2014-kopia-7.jpg\" data-original-src=\"https:\/\/www.minemaster.eu\/wp-content\/uploads\/2021\/11\/NoPath-\u2014-kopia-7.jpg\" data-original-src-width=\"432\" data-original-src-height=\"344\" alt=\"\">\n                                <figcaption><\/figcaption>\n\n                            <\/figure>\n\n                        <\/div>\n                    <\/a>\n\n                \n                    <a href='https:\/\/www.minemaster.eu\/wp-content\/uploads\/NoPath-\u2014-kopia-16.png'  class='oxy-gallery-item'>\n                        <div class='oxy-gallery-item-sizer'>\n\n                            <figure class='oxy-gallery-item-contents' style='background-image: url(https:\/\/www.minemaster.eu\/wp-content\/uploads\/NoPath-\u2014-kopia-16.png);'>\n\n                                <img decoding=\"async\"  src=\"https:\/\/www.minemaster.eu\/wp-content\/uploads\/NoPath-\u2014-kopia-16.png\" data-original-src=\"https:\/\/www.minemaster.eu\/wp-content\/uploads\/NoPath-\u2014-kopia-16.png\" data-original-src-width=\"432\" data-original-src-height=\"344\" alt=\"\">\n                                <figcaption><\/figcaption>\n\n                            <\/figure>\n\n                        <\/div>\n                    <\/a>\n\n                \n                    <a href='https:\/\/www.minemaster.eu\/wp-content\/uploads\/NoPath-\u2014-kopia-54.png'  class='oxy-gallery-item'>\n                        <div class='oxy-gallery-item-sizer'>\n\n                            <figure class='oxy-gallery-item-contents' style='background-image: url(https:\/\/www.minemaster.eu\/wp-content\/uploads\/NoPath-\u2014-kopia-54.png);'>\n\n                                <img decoding=\"async\"  src=\"https:\/\/www.minemaster.eu\/wp-content\/uploads\/NoPath-\u2014-kopia-54.png\" data-original-src=\"https:\/\/www.minemaster.eu\/wp-content\/uploads\/NoPath-\u2014-kopia-54.png\" data-original-src-width=\"432\" data-original-src-height=\"344\" alt=\"\">\n                                <figcaption><\/figcaption>\n\n                            <\/figure>\n\n                        <\/div>\n                    <\/a>\n\n                \n                    <a href='https:\/\/www.minemaster.eu\/wp-content\/uploads\/NoPath-\u2014-kopia-55.png'  class='oxy-gallery-item'>\n                        <div class='oxy-gallery-item-sizer'>\n\n                            <figure class='oxy-gallery-item-contents' style='background-image: url(https:\/\/www.minemaster.eu\/wp-content\/uploads\/NoPath-\u2014-kopia-55.png);'>\n\n                                <img decoding=\"async\"  src=\"https:\/\/www.minemaster.eu\/wp-content\/uploads\/NoPath-\u2014-kopia-55.png\" data-original-src=\"https:\/\/www.minemaster.eu\/wp-content\/uploads\/NoPath-\u2014-kopia-55.png\" data-original-src-width=\"432\" data-original-src-height=\"344\" alt=\"\">\n                                <figcaption><\/figcaption>\n\n                            <\/figure>\n\n                        <\/div>\n                    <\/a>\n\n                \n                <\/div>\n                        <script type=\"text\/javascript\">\n                    document.addEventListener(\"oxygenVSBInitGalleryJs_gallery-30-143\",function(){\n                        if(jQuery('#_gallery-30-143').photoSwipe) {\n                            jQuery('#_gallery-30-143').photoSwipe('.oxy-gallery-item-contents');\n                        }\n                    },false);\n                    jQuery(document).ready(function() {\n                        let event = new Event('oxygenVSBInitGalleryJs_gallery-30-143');\n                        document.dispatchEvent(event);\n                    });\n                <\/script>\n            <\/div><div id=\"div_block-31-143\" class=\"ct-div-block\" ><div id=\"div_block-32-143\" class=\"ct-div-block text-gallery-content\" ><div id=\"div_block-33-143\" class=\"ct-div-block\" ><h2 id=\"headline-34-143\" class=\"ct-headline heading heading_white heading_line_opacity\">Profesjonalny serwis<\/h2><div id=\"_rich_text-35-143\" class=\"oxy-rich-text\" ><p>Wychodz\u0105c naprzeciw oczekiwaniom u\u017cytkownik\u00f3w, stworzyli\u015bmy fachow\u0105 grup\u0119 specjalist\u00f3w odpowiedzialnych za serwis naszych maszyn. Dzia\u0142 ten \u015bwiadczy kompleksowe us\u0142ugi w zakresie serwisowania naszych produkt\u00f3w. Dysponuje on nowoczesnym, specjalistycznym wyposa\u017ceniem diagnostycznym i stanowiskami kontrolno-naprawczymi, zlokalizowanymi w rejonach eksploatacji naszych maszyn. Zaplecze techniczne serwisu jest stale unowocze\u015bniane oraz wzbogacane nowym oprzyrz\u0105dowaniem, narz\u0119dziami i materia\u0142ami serwisowymi.<\/p><p>Gwarantem jako\u015bci \u015bwiadczonych us\u0142ug serwisowych jest wysoki poziom specjalistycznego przygotowania kadry pracowniczej serwisu, a tak\u017ce wysoki poziom znajomo\u015bci podzespo\u0142\u00f3w i uk\u0142ad\u00f3w produkowanych przez Sp\u00f3\u0142k\u0119 maszyn, oparty o system szkole\u0144 uzupe\u0142niaj\u0105cych w trakcie ca\u0142ego procesu budowy maszyn. Atutem serwisu Mine Master jest zapewnienie pe\u0142nego asortymentu oryginalnych podzespo\u0142\u00f3w i cz\u0119\u015bci zamiennych do serwisowanych maszyn.<\/p><\/div><\/div><\/div><\/div><\/div><\/div><\/section>","protected":false},"excerpt":{"rendered":"","protected":false},"author":2,"featured_media":771,"parent":0,"menu_order":11,"comment_status":"closed","ping_status":"closed","template":"","meta":{"_acf_changed":false,"footnotes":""},"class_list":["post-143","page","type-page","status-publish","has-post-thumbnail","hentry"],"acf":[],"_links":{"self":[{"href":"https:\/\/www.minemaster.eu\/pl\/wp-json\/wp\/v2\/pages\/143","targetHints":{"allow":["GET"]}}],"collection":[{"href":"https:\/\/www.minemaster.eu\/pl\/wp-json\/wp\/v2\/pages"}],"about":[{"href":"https:\/\/www.minemaster.eu\/pl\/wp-json\/wp\/v2\/types\/page"}],"author":[{"embeddable":true,"href":"https:\/\/www.minemaster.eu\/pl\/wp-json\/wp\/v2\/users\/2"}],"replies":[{"embeddable":true,"href":"https:\/\/www.minemaster.eu\/pl\/wp-json\/wp\/v2\/comments?post=143"}],"version-history":[{"count":1,"href":"https:\/\/www.minemaster.eu\/pl\/wp-json\/wp\/v2\/pages\/143\/revisions"}],"predecessor-version":[{"id":5195,"href":"https:\/\/www.minemaster.eu\/pl\/wp-json\/wp\/v2\/pages\/143\/revisions\/5195"}],"wp:featuredmedia":[{"embeddable":true,"href":"https:\/\/www.minemaster.eu\/pl\/wp-json\/wp\/v2\/media\/771"}],"wp:attachment":[{"href":"https:\/\/www.minemaster.eu\/pl\/wp-json\/wp\/v2\/media?parent=143"}],"curies":[{"name":"wp","href":"https:\/\/api.w.org\/{rel}","templated":true}]}}