{"id":134,"date":"2021-11-05T13:26:18","date_gmt":"2021-11-05T12:26:18","guid":{"rendered":"http:\/\/minemaster.pro-format.com\/?page_id=134"},"modified":"2021-11-19T12:23:58","modified_gmt":"2021-11-19T11:23:58","slug":"zastosowania","status":"publish","type":"page","link":"https:\/\/www.minemaster.eu\/pl\/zastosowania\/","title":{"rendered":"Zastosowania"},"content":{"rendered":"<div id=\"new_columns-10-134\" class=\"ct-new-columns\" ><div id=\"div_block-11-134\" class=\"ct-div-block\" ><\/div><div id=\"div_block-12-134\" class=\"ct-div-block \" ><h2 id=\"headline-13-134\" class=\"ct-headline heading\">G\u00f3rnictwo ska\u0142 twardych<\/h2><div id=\"text_block-14-134\" class=\"ct-text-block\" ><div class=\"O1\" style=\"line-height: normal; margin: 0pt 0in 0pt 0.19in; text-indent: -0.19in; direction: ltr; unicode-bidi: embed; word-break: normal;\"><span style=\"text-indent: -18pt; background-color: transparent; font-family: Arial, sans-serif;\">\u2022<span style=\"font-variant-numeric: normal; font-variant-east-asian: normal; font-stretch: normal; font-size: 7pt; line-height: normal; font-family: &quot;Times New Roman&quot;;\">&nbsp;&nbsp;&nbsp;&nbsp;&nbsp;&nbsp;&nbsp;\n<\/span><\/span><span style=\"text-indent: -18pt; background-color: transparent;\">Niskie pok\u0142ady, w\u0105skie pok\u0142ady &amp; \u015brednie\npok\u0142ady<\/span><\/div><p class=\"MsoNormal\" style=\"mso-margin-top-alt:auto;mso-margin-bottom-alt:auto;\nmargin-left:72.0pt;text-indent:-18.0pt;line-height:normal;mso-list:l0 level2 lfo1;\ntab-stops:list 72.0pt\"><o:p><\/o:p><\/p>\n\n<p class=\"MsoNormal\" style=\"mso-margin-top-alt:auto;mso-margin-bottom-alt:auto;\nmargin-left:72.0pt;text-indent:-18.0pt;line-height:normal;mso-list:l0 level2 lfo1;\ntab-stops:list 72.0pt\"><!--[if !supportLists]--><span style=\"font-family:&quot;Arial&quot;,sans-serif;\nmso-fareast-font-family:Arial\">\u2022<span style=\"font-variant-numeric: normal; font-variant-east-asian: normal; font-stretch: normal; font-size: 7pt; line-height: normal; font-family: &quot;Times New Roman&quot;;\">&nbsp;&nbsp;&nbsp;&nbsp;&nbsp;&nbsp;&nbsp;\n<\/span><\/span><!--[endif]--><span lang=\"EN-ZA\">Met<\/span>ody<span lang=\"EN-ZA\">:<\/span><o:p><\/o:p><\/p>\n\n<p class=\"MsoNormal\" style=\"mso-margin-top-alt:auto;mso-margin-bottom-alt:auto;\nmargin-left:108.0pt;text-indent:-18.0pt;line-height:normal;mso-list:l0 level3 lfo1;\ntab-stops:list 108.0pt\"><!--[if !supportLists]--><span style=\"font-family:&quot;Arial&quot;,sans-serif;\nmso-fareast-font-family:Arial\">\u2022<span style=\"font-variant-numeric: normal; font-variant-east-asian: normal; font-stretch: normal; font-size: 7pt; line-height: normal; font-family: &quot;Times New Roman&quot;;\">&nbsp;&nbsp;&nbsp;&nbsp;&nbsp;&nbsp;&nbsp;\n<\/span><\/span><!--[endif]--><span lang=\"EN-ZA\">Room\nand Pillar<\/span><o:p><\/o:p><\/p>\n\n<p class=\"MsoNormal\" style=\"mso-margin-top-alt:auto;mso-margin-bottom-alt:auto;\nmargin-left:108.0pt;text-indent:-18.0pt;line-height:normal;mso-list:l0 level3 lfo1;\ntab-stops:list 108.0pt\"><!--[if !supportLists]--><span style=\"font-family:&quot;Arial&quot;,sans-serif;\nmso-fareast-font-family:Arial\">\u2022<span style=\"font-variant-numeric: normal; font-variant-east-asian: normal; font-stretch: normal; font-size: 7pt; line-height: normal; font-family: &quot;Times New Roman&quot;;\">&nbsp;&nbsp;&nbsp;&nbsp;&nbsp;&nbsp;&nbsp;\n<\/span><\/span><!--[endif]--><span lang=\"EN-ZA\">Cut\nand Fill<\/span><o:p><\/o:p><\/p>\n\n<p class=\"MsoNormal\" style=\"mso-margin-top-alt:auto;mso-margin-bottom-alt:auto;\nmargin-left:108.0pt;text-indent:-18.0pt;line-height:normal;mso-list:l0 level3 lfo1;\ntab-stops:list 108.0pt\"><!--[if !supportLists]--><span style=\"font-family:&quot;Arial&quot;,sans-serif;\nmso-fareast-font-family:Arial\">\u2022<span style=\"font-variant-numeric: normal; font-variant-east-asian: normal; font-stretch: normal; font-size: 7pt; line-height: normal; font-family: &quot;Times New Roman&quot;;\">&nbsp;&nbsp;&nbsp;&nbsp;&nbsp;&nbsp;&nbsp;\n<\/span><\/span><!--[endif]--><span lang=\"EN-ZA\">Block\nCaving<\/span><o:p><\/o:p><\/p>\n\n<p class=\"MsoNormal\" style=\"mso-margin-top-alt:auto;mso-margin-bottom-alt:auto;\nmargin-left:108.0pt;text-indent:-18.0pt;line-height:normal;mso-list:l0 level3 lfo1;\ntab-stops:list 108.0pt\"><!--[if !supportLists]--><span style=\"font-family:&quot;Arial&quot;,sans-serif;\nmso-fareast-font-family:Arial\">\u2022<span style=\"font-variant-numeric: normal; font-variant-east-asian: normal; font-stretch: normal; font-size: 7pt; line-height: normal; font-family: &quot;Times New Roman&quot;;\">&nbsp;&nbsp;&nbsp;&nbsp;&nbsp;&nbsp;&nbsp;\n<\/span><\/span><!--[endif]--><span lang=\"EN-ZA\">Sub\nLevel Stoping<\/span><o:p><\/o:p><\/p>\n\n<p class=\"MsoNormal\" style=\"mso-margin-top-alt:auto;mso-margin-bottom-alt:auto;\nmargin-left:72.0pt;text-indent:-18.0pt;line-height:normal;mso-list:l0 level2 lfo1;\ntab-stops:list 72.0pt\"><!--[if !supportLists]--><span style=\"font-family:&quot;Arial&quot;,sans-serif;\nmso-fareast-font-family:Arial\">\u2022<span style=\"font-variant-numeric: normal; font-variant-east-asian: normal; font-stretch: normal; font-size: 7pt; line-height: normal; font-family: &quot;Times New Roman&quot;;\">&nbsp;&nbsp;&nbsp;&nbsp;&nbsp;&nbsp;&nbsp;\n<\/span><\/span><!--[endif]-->Produkcja<o:p><\/o:p><\/p>\n\n<p class=\"MsoNormal\" style=\"mso-margin-top-alt:auto;mso-margin-bottom-alt:auto;\nmargin-left:72.0pt;text-indent:-18.0pt;line-height:normal;mso-list:l0 level2 lfo1;\ntab-stops:list 72.0pt\"><!--[if !supportLists]--><span style=\"font-family:&quot;Arial&quot;,sans-serif;\nmso-fareast-font-family:Arial\">\u2022<span style=\"font-variant-numeric: normal; font-variant-east-asian: normal; font-stretch: normal; font-size: 7pt; line-height: normal; font-family: &quot;Times New Roman&quot;;\">&nbsp;&nbsp;&nbsp;&nbsp;&nbsp;&nbsp;&nbsp;\n<\/span><\/span><!--[endif]-->Napr\u0119\u017cenie ska\u0142: do 400MPa<o:p><\/o:p><\/p>\n\n<p class=\"MsoNormal\" style=\"mso-margin-top-alt:auto;mso-margin-bottom-alt:auto;\nmargin-left:72.0pt;text-indent:-18.0pt;line-height:normal;mso-list:l0 level2 lfo1;\ntab-stops:list 72.0pt\"><!--[if !supportLists]--><span style=\"font-family:&quot;Arial&quot;,sans-serif;\nmso-fareast-font-family:Arial\">\u2022<span style=\"font-variant-numeric: normal; font-variant-east-asian: normal; font-stretch: normal; font-size: 7pt; line-height: normal; font-family: &quot;Times New Roman&quot;;\">&nbsp;&nbsp;&nbsp;&nbsp;&nbsp;&nbsp;&nbsp;\n<\/span><\/span><!--[endif]--><span lang=\"EN-ZA\">Produ<\/span>kty<span lang=\"EN-ZA\">:<\/span><o:p><\/o:p><\/p>\n\n<p class=\"MsoNormal\" style=\"mso-margin-top-alt:auto;mso-margin-bottom-alt:auto;\nmargin-left:108.0pt;text-indent:-18.0pt;line-height:normal;mso-list:l0 level3 lfo1;\ntab-stops:list 108.0pt\"><!--[if !supportLists]--><span style=\"font-family:&quot;Arial&quot;,sans-serif;\nmso-fareast-font-family:Arial\">\u2022<span style=\"font-variant-numeric: normal; font-variant-east-asian: normal; font-stretch: normal; font-size: 7pt; line-height: normal; font-family: &quot;Times New Roman&quot;;\">&nbsp;&nbsp;&nbsp;&nbsp;&nbsp;&nbsp;&nbsp;\n<\/span><\/span><!--[endif]-->Wozy wierc\u0105ce<o:p><\/o:p><\/p>\n\n<p class=\"MsoNormal\" style=\"mso-margin-top-alt:auto;mso-margin-bottom-alt:auto;\nmargin-left:108.0pt;text-indent:-18.0pt;line-height:normal;mso-list:l0 level3 lfo1;\ntab-stops:list 108.0pt\"><!--[if !supportLists]--><span style=\"font-family:&quot;Arial&quot;,sans-serif;\nmso-fareast-font-family:Arial\">\u2022<span style=\"font-variant-numeric: normal; font-variant-east-asian: normal; font-stretch: normal; font-size: 7pt; line-height: normal; font-family: &quot;Times New Roman&quot;;\">&nbsp;&nbsp;&nbsp;&nbsp;&nbsp;&nbsp;&nbsp;\n<\/span><\/span><!--[endif]-->Wozy kotwi\u0105ce<o:p><\/o:p><\/p>\n\n<p class=\"MsoNormal\" style=\"mso-margin-top-alt:auto;mso-margin-bottom-alt:auto;\nmargin-left:108.0pt;text-indent:-18.0pt;line-height:normal;mso-list:l0 level3 lfo1;\ntab-stops:list 108.0pt\"><!--[if !supportLists]--><span style=\"font-family:&quot;Arial&quot;,sans-serif;\nmso-fareast-font-family:Arial\">\u2022<span style=\"font-variant-numeric: normal; font-variant-east-asian: normal; font-stretch: normal; font-size: 7pt; line-height: normal; font-family: &quot;Times New Roman&quot;;\">&nbsp;&nbsp;&nbsp;&nbsp;&nbsp;&nbsp;&nbsp;\n<\/span><\/span><!--[endif]-->Maszyny do d\u0142ugich otwor\u00f3w<o:p><\/o:p><\/p><\/div><\/div><\/div><div id=\"new_columns-15-134\" class=\"ct-new-columns\" ><div id=\"div_block-17-134\" class=\"ct-div-block\" ><h2 id=\"headline-18-134\" class=\"ct-headline heading\">G\u00f3rnictwo ska\u0142 mi\u0119kkich<\/h2><div id=\"text_block-19-134\" class=\"ct-text-block\" ><p class=\"MsoNormal\" style=\"mso-margin-top-alt:auto;mso-margin-bottom-alt:auto;\nmargin-left:72.0pt;text-indent:-18.0pt;line-height:normal;mso-list:l0 level2 lfo1;\ntab-stops:list 72.0pt\"><!--[if !supportLists]--><span style=\"font-family:&quot;Arial&quot;,sans-serif;\nmso-fareast-font-family:Arial\">\u2022<span style=\"font-variant-numeric: normal; font-variant-east-asian: normal; font-stretch: normal; font-size: 7pt; line-height: normal; font-family: &quot;Times New Roman&quot;;\">&nbsp; &nbsp; &nbsp; &nbsp; <\/span><\/span>Metoda: Room &amp; Pillar<o:p><\/o:p><\/p>\n\n<p class=\"MsoNormal\" style=\"mso-margin-top-alt:auto;mso-margin-bottom-alt:auto;\nmargin-left:72.0pt;text-indent:-18.0pt;line-height:normal;mso-list:l0 level2 lfo1;\ntab-stops:list 72.0pt\"><!--[if !supportLists]--><span style=\"font-family:&quot;Arial&quot;,sans-serif;\nmso-fareast-font-family:Arial\">\u2022<span style=\"font-variant-numeric: normal; font-variant-east-asian: normal; font-stretch: normal; font-size: 7pt; line-height: normal; font-family: &quot;Times New Roman&quot;;\">&nbsp;&nbsp;&nbsp;&nbsp;&nbsp;&nbsp;&nbsp;\n<\/span><\/span><!--[endif]--><span lang=\"EN-US\">Produ<\/span>kcja<o:p><\/o:p><\/p>\n\n<p class=\"MsoNormal\" style=\"mso-margin-top-alt:auto;mso-margin-bottom-alt:auto;\nmargin-left:72.0pt;text-indent:-18.0pt;line-height:normal;mso-list:l0 level2 lfo1;\ntab-stops:list 72.0pt\"><!--[if !supportLists]--><span style=\"font-family:&quot;Arial&quot;,sans-serif;\nmso-fareast-font-family:Arial\">\u2022<span style=\"font-variant-numeric: normal; font-variant-east-asian: normal; font-stretch: normal; font-size: 7pt; line-height: normal; font-family: &quot;Times New Roman&quot;;\">&nbsp;&nbsp;&nbsp;&nbsp;&nbsp;&nbsp;&nbsp;\n<\/span><\/span><!--[endif]-->S\u00f3l<span lang=\"DE\">, <\/span>potas<span lang=\"DE\">, <\/span>piaskowiec, granit, \u0142upki\nbitumiczne etc.<o:p><\/o:p><\/p>\n\n<p class=\"MsoNormal\" style=\"mso-margin-top-alt:auto;mso-margin-bottom-alt:auto;\nmargin-left:72.0pt;text-indent:-18.0pt;line-height:normal;mso-list:l0 level2 lfo1;\ntab-stops:list 72.0pt\"><!--[if !supportLists]--><span style=\"font-family:&quot;Arial&quot;,sans-serif;\nmso-fareast-font-family:Arial\">\u2022<span style=\"font-variant-numeric: normal; font-variant-east-asian: normal; font-stretch: normal; font-size: 7pt; line-height: normal; font-family: &quot;Times New Roman&quot;;\">&nbsp;&nbsp;&nbsp;&nbsp;&nbsp;&nbsp;&nbsp;\n<\/span><\/span><!--[endif]-->Napr\u0119\u017cenie ska\u0142: do <span lang=\"EN-ZA\">12<\/span>0MPa<o:p><\/o:p><\/p>\n\n<p class=\"MsoNormal\" style=\"mso-margin-top-alt:auto;mso-margin-bottom-alt:auto;\nmargin-left:72.0pt;text-indent:-18.0pt;line-height:normal;mso-list:l0 level2 lfo1;\ntab-stops:list 72.0pt\"><!--[if !supportLists]--><span style=\"font-family:&quot;Arial&quot;,sans-serif;\nmso-fareast-font-family:Arial\">\u2022<span style=\"font-variant-numeric: normal; font-variant-east-asian: normal; font-stretch: normal; font-size: 7pt; line-height: normal; font-family: &quot;Times New Roman&quot;;\">&nbsp;&nbsp;&nbsp;&nbsp;&nbsp;&nbsp;&nbsp;\n<\/span><\/span><!--[endif]--><span lang=\"DE\">Produ<\/span>kty<o:p><\/o:p><\/p>\n\n<p class=\"MsoNormal\" style=\"mso-margin-top-alt:auto;mso-margin-bottom-alt:auto;\nmargin-left:108.0pt;text-indent:-18.0pt;line-height:normal;mso-list:l0 level3 lfo1;\ntab-stops:list 108.0pt\"><!--[if !supportLists]--><span style=\"font-family:&quot;Arial&quot;,sans-serif;\nmso-fareast-font-family:Arial\">\u2022<span style=\"font-variant-numeric: normal; font-variant-east-asian: normal; font-stretch: normal; font-size: 7pt; line-height: normal; font-family: &quot;Times New Roman&quot;;\">&nbsp;&nbsp;&nbsp;&nbsp;&nbsp;&nbsp;&nbsp;\n<\/span><\/span><!--[endif]-->Wozy wierc\u0105ce<o:p><\/o:p><\/p>\n\n<p class=\"MsoNormal\" style=\"mso-margin-top-alt:auto;mso-margin-bottom-alt:auto;\nmargin-left:108.0pt;text-indent:-18.0pt;line-height:normal;mso-list:l0 level3 lfo1;\ntab-stops:list 108.0pt\"><!--[if !supportLists]--><span style=\"font-family:&quot;Arial&quot;,sans-serif;\nmso-fareast-font-family:Arial\">\u2022<span style=\"font-variant-numeric: normal; font-variant-east-asian: normal; font-stretch: normal; font-size: 7pt; line-height: normal; font-family: &quot;Times New Roman&quot;;\">&nbsp;&nbsp;&nbsp;&nbsp;&nbsp;&nbsp;&nbsp;\n<\/span><\/span><!--[endif]-->Wozy kotwi\u0105ce<o:p><\/o:p><\/p>\n\n<p class=\"MsoNormal\" style=\"mso-margin-top-alt:auto;mso-margin-bottom-alt:auto;\nmargin-left:108.0pt;text-indent:-18.0pt;line-height:normal;mso-list:l0 level3 lfo1;\ntab-stops:list 108.0pt\"><!--[if !supportLists]--><span style=\"font-family:&quot;Arial&quot;,sans-serif;\nmso-fareast-font-family:Arial\">\u2022<span style=\"font-variant-numeric: normal; font-variant-east-asian: normal; font-stretch: normal; font-size: 7pt; line-height: normal; font-family: &quot;Times New Roman&quot;;\">&nbsp;&nbsp;&nbsp;&nbsp;&nbsp;&nbsp;&nbsp;\n<\/span><\/span><!--[endif]-->Maszyny do d\u0142ugich otwor\u00f3w<o:p><\/o:p><\/p><\/div><\/div><div id=\"div_block-16-134\" class=\"ct-div-block\" ><\/div><\/div><div id=\"new_columns-20-134\" class=\"ct-new-columns\" ><div id=\"div_block-21-134\" class=\"ct-div-block\" ><\/div><div id=\"div_block-22-134\" class=\"ct-div-block\" ><h2 id=\"headline-23-134\" class=\"ct-headline heading\">G\u00f3rnictwo tunelowe<\/h2><div id=\"text_block-24-134\" class=\"ct-text-block\" ><div class=\"O1\" style=\"line-height: normal; margin: 0pt 0in 0pt 0.19in; text-indent: -0.19in; direction: ltr; unicode-bidi: embed; word-break: normal;\"><p class=\"MsoNormal\" style=\"mso-margin-top-alt:auto;mso-margin-bottom-alt:auto;\nmargin-left:72.0pt;text-indent:-18.0pt;line-height:normal;mso-list:l0 level2 lfo1;\ntab-stops:list 72.0pt\"><!--[if !supportLists]--><font face=\"Arial, sans-serif\">\u2022<\/font><span style=\"font-family: &quot;Times New Roman&quot;; font-variant-numeric: normal; font-variant-east-asian: normal; font-stretch: normal; font-size: 7pt; line-height: normal;\">&nbsp; &nbsp; &nbsp;<\/span><span style=\"font-variant-numeric: normal; font-variant-east-asian: normal; font-stretch: normal; font-size: 7pt; line-height: normal;\"><font face=\"Arial, sans-serif\">&nbsp; &nbsp;<\/font><\/span><span lang=\"EN-US\" style=\"text-indent: -18pt; background-color: transparent;\">Met<\/span><span style=\"text-indent: -18pt; background-color: transparent;\">oda<\/span><span lang=\"EN-US\" style=\"text-indent: -18pt; background-color: transparent;\">: Drill &amp; Blast<\/span><\/p><p class=\"MsoNormal\" style=\"mso-margin-top-alt:auto;mso-margin-bottom-alt:auto;\nmargin-left:72.0pt;text-indent:-18.0pt;line-height:normal;mso-list:l0 level2 lfo1;\ntab-stops:list 72.0pt\"><o:p><\/o:p><\/p>\n\n<p class=\"MsoNormal\" style=\"mso-margin-top-alt:auto;mso-margin-bottom-alt:auto;\nmargin-left:72.0pt;text-indent:-18.0pt;line-height:normal;mso-list:l0 level2 lfo1;\ntab-stops:list 72.0pt\"><!--[if !supportLists]--><span style=\"font-family:&quot;Arial&quot;,sans-serif;\nmso-fareast-font-family:Arial\">\u2022<span style=\"font-variant-numeric: normal; font-variant-east-asian: normal; font-stretch: normal; font-size: 7pt; line-height: normal; font-family: &quot;Times New Roman&quot;;\">&nbsp;&nbsp;&nbsp;&nbsp;&nbsp;&nbsp;&nbsp;\n<\/span><\/span><!--[endif]-->Wiercenie i kotwienie w ma\u0142ych przekrojach oraz\nprzecinka w wi\u0119kszych tunelach <o:p><\/o:p><\/p>\n\n<p class=\"MsoNormal\" style=\"mso-margin-top-alt:auto;mso-margin-bottom-alt:auto;\nmargin-left:72.0pt;text-indent:-18.0pt;line-height:normal;mso-list:l0 level2 lfo1;\ntab-stops:list 72.0pt\"><!--[if !supportLists]--><span style=\"font-family:&quot;Arial&quot;,sans-serif;\nmso-fareast-font-family:Arial\">\u2022<span style=\"font-variant-numeric: normal; font-variant-east-asian: normal; font-stretch: normal; font-size: 7pt; line-height: normal; font-family: &quot;Times New Roman&quot;;\">&nbsp;&nbsp;&nbsp;&nbsp;&nbsp;&nbsp;&nbsp;\n<\/span><\/span><!--[endif]--><span lang=\"EN-US\">Produ<\/span>kty<span lang=\"EN-US\">:<\/span><\/p><p class=\"MsoNormal\" style=\"mso-margin-top-alt:auto;mso-margin-bottom-alt:auto;\nmargin-left:72.0pt;text-indent:-18.0pt;line-height:normal;mso-list:l0 level2 lfo1;\ntab-stops:list 72.0pt\"><span style=\"text-indent: -18pt; background-color: transparent; font-family: Arial, sans-serif;\">&nbsp; &nbsp; &nbsp; &nbsp; &nbsp; &nbsp; \u2022<span style=\"font-variant-numeric: normal; font-variant-east-asian: normal; font-stretch: normal; font-size: 7pt; line-height: normal; font-family: &quot;Times New Roman&quot;;\">&nbsp;&nbsp;&nbsp;&nbsp;&nbsp;&nbsp;&nbsp;\n<\/span><\/span><span style=\"text-indent: -18pt; background-color: transparent;\">Wozy wierc\u0105ce<\/span><\/p><p class=\"MsoNormal\" style=\"mso-margin-top-alt:auto;mso-margin-bottom-alt:auto;\nmargin-left:180.0pt;text-indent:-18.0pt;line-height:normal;mso-list:l0 level5 lfo1;\ntab-stops:list 180.0pt\"><o:p><\/o:p><\/p><br><\/div><\/div><\/div><\/div><section id=\"section-31-134\" class=\" ct-section\" ><div class=\"ct-section-inner-wrap\"><div id=\"div_block-32-134\" class=\"ct-div-block\" ><div id=\"div_block-39-134\" class=\"ct-div-block bg_on_color\" ><\/div><div id=\"div_block-47-134\" class=\"ct-div-block bg_on_color\" ><\/div><div id=\"div_block-41-134\" class=\"ct-div-block\" ><h3 id=\"headline-33-134\" class=\"ct-headline\"><span id=\"span-12-167\" class=\"ct-span\" ><\/span><\/h3><a id=\"link-57-134\" class=\"ct-link btn_primary btn_primary_white btn_icon\" href=\"https:\/\/www.minemaster.eu\/kontakt\/\"   ><div id=\"div_block-58-134\" class=\"ct-div-block btn_icon_content\" ><div id=\"text_block-59-134\" class=\"ct-text-block\" >Kontakt<\/div><div id=\"fancy_icon-60-134\" class=\"ct-fancy-icon\" ><svg id=\"svg-fancy_icon-60-134\"><use xlink:href=\"#FontAwesomeicon-arrow-right\"><\/use><\/svg><\/div><\/div><\/a><\/div><\/div><\/div><\/section>","protected":false},"excerpt":{"rendered":"","protected":false},"author":2,"featured_media":0,"parent":0,"menu_order":36,"comment_status":"closed","ping_status":"closed","template":"","meta":{"_acf_changed":false,"footnotes":""},"class_list":["post-134","page","type-page","status-publish","hentry"],"acf":[],"_links":{"self":[{"href":"https:\/\/www.minemaster.eu\/pl\/wp-json\/wp\/v2\/pages\/134","targetHints":{"allow":["GET"]}}],"collection":[{"href":"https:\/\/www.minemaster.eu\/pl\/wp-json\/wp\/v2\/pages"}],"about":[{"href":"https:\/\/www.minemaster.eu\/pl\/wp-json\/wp\/v2\/types\/page"}],"author":[{"embeddable":true,"href":"https:\/\/www.minemaster.eu\/pl\/wp-json\/wp\/v2\/users\/2"}],"replies":[{"embeddable":true,"href":"https:\/\/www.minemaster.eu\/pl\/wp-json\/wp\/v2\/comments?post=134"}],"version-history":[{"count":0,"href":"https:\/\/www.minemaster.eu\/pl\/wp-json\/wp\/v2\/pages\/134\/revisions"}],"wp:attachment":[{"href":"https:\/\/www.minemaster.eu\/pl\/wp-json\/wp\/v2\/media?parent=134"}],"curies":[{"name":"wp","href":"https:\/\/api.w.org\/{rel}","templated":true}]}}